{"id":152,"date":"2025-11-12T14:56:47","date_gmt":"2025-11-12T14:56:47","guid":{"rendered":"https:\/\/noveluznew.webvolution.es\/?page_id=152"},"modified":"2025-11-15T16:18:51","modified_gmt":"2025-11-15T16:18:51","slug":"aviso-legal","status":"publish","type":"page","link":"https:\/\/noveluziluminacion.com\/es\/aviso-legal\/","title":{"rendered":"Aviso legal"},"content":{"rendered":"<div class=\"fusion-fullwidth fullwidth-box fusion-builder-row-1 fusion-flex-container has-pattern-background has-mask-background nonhundred-percent-fullwidth non-hundred-percent-height-scrolling\" style=\"--awb-border-radius-top-left:0px;--awb-border-radius-top-right:0px;--awb-border-radius-bottom-right:0px;--awb-border-radius-bottom-left:0px;--awb-flex-wrap:wrap;\" ><div class=\"fusion-builder-row fusion-row fusion-flex-align-items-flex-start fusion-flex-content-wrap\" style=\"max-width:1456px;margin-left: calc(-4% \/ 2 );margin-right: calc(-4% \/ 2 );\"><div class=\"fusion-layout-column fusion_builder_column fusion-builder-column-0 fusion_builder_column_1_1 1_1 fusion-flex-column\" style=\"--awb-bg-size:cover;--awb-width-large:100%;--awb-margin-top-large:0px;--awb-spacing-right-large:1.92%;--awb-margin-bottom-large:20px;--awb-spacing-left-large:1.92%;--awb-width-medium:100%;--awb-order-medium:0;--awb-spacing-right-medium:1.92%;--awb-spacing-left-medium:1.92%;--awb-width-small:100%;--awb-order-small:0;--awb-spacing-right-small:1.92%;--awb-spacing-left-small:1.92%;\"><div class=\"fusion-column-wrapper fusion-column-has-shadow fusion-flex-justify-content-flex-start fusion-content-layout-column\"><div class=\"fusion-text fusion-text-1\"><p><span style=\"font-weight: 400;\">En cumplimiento de la Ley 34\/2002, de 11 de julio, de Servicios de la Sociedad de la Informaci\u00f3n y de Comercio Electr\u00f3nico (LSSI-CE), NOVELUZ ILUMINACI\u00d3N informa que es titular del sitio web. De acuerdo con la exigencia del art\u00edculo 10 de la citada Ley, NOVELUZ ILUMINACI\u00d3N informa de los siguientes datos:<\/span><\/p>\n<table>\n<tbody>\n<tr>\n<td><span style=\"font-weight: 400;\">RAZ\u00d3N SOCIAL<\/span><\/td>\n<td><span style=\"font-weight: 400;\">NOVELUZ ILUMINACI\u00d3N<\/span><\/td>\n<\/tr>\n<tr>\n<td><span style=\"font-weight: 400;\">NIF<\/span><\/td>\n<td><span style=\"font-weight: 400;\">52917467X<\/span><\/td>\n<\/tr>\n<tr>\n<td><span style=\"font-weight: 400;\">DIRECCI\u00d3N POSTAL<\/span><\/td>\n<td><span style=\"font-weight: 400;\">AVINGUDA LLOREN\u00c7 PUIG, 12, LOCAL B, VILADECANS<\/span><\/td>\n<\/tr>\n<tr>\n<td><span style=\"font-weight: 400;\">DIRECCI\u00d3N ELECTR\u00d3NICA<\/span><\/td>\n<td><span style=\"font-weight: 400;\">info@noveluziluminacion.com<\/span><\/td>\n<\/tr>\n<tr>\n<td><span style=\"font-weight: 400;\">REGISTRO MERCANTIL<\/span><\/td>\n<td><span style=\"font-weight: 400;\">tomo \u2026\u2026\u2026.., folio \u2026\u2026\u2026.., hoja \u2026\u2026\u2026.. e inscripci\u00f3n \u2026\u2026\u2026..<\/span><\/td>\n<\/tr>\n<tr>\n<td><span style=\"font-weight: 400;\">OBJETO PRINCIPAL<\/span><\/td>\n<td><span style=\"font-weight: 400;\">VENTA MINORISTA DE PRODUCTOS DE ILUMINACI\u00d3N<\/span><\/td>\n<\/tr>\n<\/tbody>\n<\/table>\n<p><span style=\"font-weight: 400;\">USUARIO Y R\u00c9GIMEN DE RESPONSABILIDADES<\/span><\/p>\n<p><span style=\"font-weight: 400;\">La navegaci\u00f3n, acceso y uso por el sitio web de NOVELUZ ILUMINACI\u00d3N confiere la condici\u00f3n de usuario, por la que se aceptan, desde la navegaci\u00f3n por el sitio web de NOVELUZ ILUMINACI\u00d3N, todas las condiciones de uso aqu\u00ed establecidas sin perjuicio de la aplicaci\u00f3n de la correspondiente normativa de obligado cumplimiento legal seg\u00fan el caso.<\/span><\/p>\n<p><span style=\"font-weight: 400;\"><br \/>\n<\/span><span style=\"font-weight: 400;\">El sitio web de NOVELUZ ILUMINACI\u00d3N proporciona gran diversidad de informaci\u00f3n, servicios y datos. El usuario asume su responsabilidad en el uso correcto del sitio web. Esta responsabilidad se extender\u00e1 a:<\/span><\/p>\n<ul>\n<li style=\"font-weight: 400;\" aria-level=\"1\"><span style=\"font-weight: 400;\">La veracidad y licitud de las informaciones aportadas por el usuario en los formularios extendidos por NOVELUZ ILUMINAC\u00d3N para el acceso a ciertos contenidos o servicios ofrecidos por el web.<\/span><\/li>\n<li style=\"font-weight: 400;\" aria-level=\"1\"><span style=\"font-weight: 400;\">El uso de la informaci\u00f3n, servicios y datos ofrecidos por NOVELUZ ILUMINACI\u00d3N contrariamente a lo dispuesto por las presentes condiciones, la Ley, la moral, las buenas costumbres o el orden p\u00fablico, o que de cualquier otro modo puedan suponer lesi\u00f3n de los derechos de terceros o del mismo funcionamiento del sitio web.<\/span><\/li>\n<\/ul>\n<p><span style=\"font-weight: 400;\">POL\u00cdTICA DE ENLACES Y EXENCIONES DE RESPONSABILIDAD<\/span><\/p>\n<p><span style=\"font-weight: 400;\">NOVELUZ ILUMINACI\u00d3N no se hace responsable del contenido de los sitios web a los que el usuario pueda acceder a trav\u00e9s de los enlaces establecidos en su sitio web y declara que en ning\u00fan caso proceder\u00e1 a examinar o ejercitar ning\u00fan tipo de control sobre el contenido de otros sitios de la red. Asimismo, tampoco garantizar\u00e1 la disponibilidad t\u00e9cnica, exactitud, veracidad, validez o legalidad de sitios ajenos a su propiedad a los que se pueda acceder por medio de los enlaces.<\/span><\/p>\n<p><span style=\"font-weight: 400;\">NOVELUZ ILUMINACI\u00d3N declara haber adoptado todas las medidas necesarias para evitar cualquier da\u00f1o a los usuarios de su sitio web, que pudieran derivarse de la navegaci\u00f3n por su sitio web. En consecuencia, NOVELUZ ILUMINACI\u00d3N no se hace responsable, en ning\u00fan caso, de los eventuales da\u00f1os que por la navegaci\u00f3n por Internet pudiera sufrir el usuario.<\/span><\/p>\n<p><span style=\"font-weight: 400;\">MODIFICACIONES<\/span><\/p>\n<p><span style=\"font-weight: 400;\">NOVELUZ ILUMINACI\u00d3N se reserva el derecho a realizar las modificaciones que considere oportunas, sin aviso previo, en el contenido de su sitio web. Tanto en lo referente a los contenidos del sitio web, como en las condiciones de uso del mismo, o en las condiciones generales de contrataci\u00f3n. Dichas modificaciones podr\u00e1n realizarse a trav\u00e9s de su sitio web por cualquier forma admisible en derecho y ser\u00e1n de obligado cumplimiento durante el tiempo en que se encuentren publicadas en el web y hasta que no sean modificadas v\u00e1lidamente por otras posteriores.<\/span><\/p>\n<p><span style=\"font-weight: 400;\">PROPIEDAD INTELECTUAL E INDUSTRIAL<\/span><\/p>\n<p><span style=\"font-weight: 400;\">NOVELUZ ILUMINACI\u00d3N por s\u00ed misma o como cesionaria, es titular de todos los derechos de propiedad intelectual e industrial de su p\u00e1gina web, as\u00ed como de los elementos contenidos en la misma (a t\u00edtulo enunciativo, im\u00e1genes, sonido, audio, v\u00eddeo, software o textos; marcas o logotipos, combinaciones de colores, estructura y dise\u00f1o, selecci\u00f3n de materiales usados, programas de ordenador necesarios para su funcionamiento, acceso y uso, etc.), titularidad de NOVELUZ ILUMINACI\u00d3N. Ser\u00e1n, por consiguiente, obras protegidas como propiedad intelectual por el ordenamiento jur\u00eddico espa\u00f1ol, si\u00e9ndoles aplicables tanto la normativa espa\u00f1ola y comunitaria en este campo, como los tratados internacionales relativos a la materia y suscritos por Espa\u00f1a.<\/span><\/p>\n<p><span style=\"font-weight: 400;\"><br \/>\n<\/span><span style=\"font-weight: 400;\">Todos los derechos reservados. En virtud de lo dispuesto en la Ley de Propiedad Intelectual, quedan expresamente prohibidas la reproducci\u00f3n, la distribuci\u00f3n y la comunicaci\u00f3n p\u00fablica, incluida su modalidad de puesta a disposici\u00f3n, de la totalidad o parte de los contenidos de esta p\u00e1gina web, con fines comerciales, en cualquier soporte y por cualquier medio t\u00e9cnico, sin la autorizaci\u00f3n de NOVELUZ ILUMINACI\u00d3N.<\/span><\/p>\n<p><span style=\"font-weight: 400;\"><br \/>\n<\/span><span style=\"font-weight: 400;\">El usuario se compromete a respetar los derechos de Propiedad Intelectual e Industrial titularidad de NOVELUZ ILUMINACI\u00d3N. Podr\u00e1 visualizar los elementos del portal e incluso imprimirlos, copiarlos y almacenarlos en el disco duro de su ordenador o en cualquier otro soporte f\u00edsico siempre y cuando sea, \u00fanica y exclusivamente, para su uso personal y privado. El usuario deber\u00e1 abstenerse de suprimir, alterar, eludir o manipular cualquier dispositivo de protecci\u00f3n o sistema de seguridad que estuviera instalado en las p\u00e1ginas de NOVELUZ ILUMINACI\u00d3N.<\/span><\/p>\n<p><span style=\"font-weight: 400;\">CERTIFICADO SSL (SECURE SOCKETS LAYER)<\/span><\/p>\n<p><span style=\"font-weight: 400;\">El CERTIFICADO SSL proporciona autenticaci\u00f3n, privacidad y seguridad de la informaci\u00f3n entre NOVELUZ ILUMINACI\u00d3N y el usuario.<\/span><\/p>\n<p><span style=\"font-weight: 400;\"><br \/>\n<\/span><span style=\"font-weight: 400;\">NOVELUZ ILUMINACI\u00d3N dispone de un certificado de seguridad que se utiliza por CERTIFICADO SSL para realizar conexiones seguras.<\/span><\/p>\n<p><span style=\"font-weight: 400;\"><br \/>\n<\/span><span style=\"font-weight: 400;\">En este proceso se establecen varios par\u00e1metros para realizar la conexi\u00f3n de forma segura y se establece usando llaves preestablecidas, codificando y descodificando todos los datos enviados hasta que la conexi\u00f3n sea cerrada.<\/span><\/p>\n<p><span style=\"font-weight: 400;\">ACCIONES LEGALES, LEGISLACI\u00d3N APLICABLE Y JURISDICCI\u00d3N<\/span><\/p>\n<p><span style=\"font-weight: 400;\">NOVELUZ ILUMINACI\u00d3N se reserva, asimismo, la facultad de presentar las acciones civiles o penales que considere oportunas por la utilizaci\u00f3n indebida de su sitio web y contenidos, o por el incumplimiento de las presentes condiciones.<\/span><\/p>\n<p><span style=\"font-weight: 400;\">La relaci\u00f3n entre el usuario y el prestador se regir\u00e1 por la normativa vigente y de aplicaci\u00f3n en el territorio espa\u00f1ol. De surgir cualquier controversia las partes podr\u00e1n someter sus conflictos a arbitraje o acudir a la jurisdicci\u00f3n ordinaria cumpliendo con las normas sobre jurisdicci\u00f3n y competencia al respecto. NOVELUZ ILUMINACI\u00d3N tiene su domicilio en VILADECANS, Espa\u00f1a.<\/span><\/p>\n<p><span style=\"font-weight: 400;\">Los contratos celebrados por v\u00eda electr\u00f3nica en los que intervenga como parte un consumidor se presumir\u00e1n celebrados en el lugar en que \u00e9ste tenga su residencia habitual.<\/span><\/p>\n<p><span style=\"font-weight: 400;\"><br \/>\n<\/span><span style=\"font-weight: 400;\">Los contratos electr\u00f3nicos entre empresarios o profesionales, en defecto de pacto entre las partes, se presumir\u00e1n celebrados en el lugar en que est\u00e9 establecido el prestador de servicios.<\/span><\/p>\n<\/div><\/div><\/div><\/div><\/div>\n","protected":false},"excerpt":{"rendered":"","protected":false},"author":1,"featured_media":0,"parent":0,"menu_order":300,"comment_status":"closed","ping_status":"closed","template":"100-width.php","meta":{"footnotes":""},"class_list":["post-152","page","type-page","status-publish","hentry"],"yoast_head":"<!-- This site is optimized with the Yoast SEO plugin v27.4 - https:\/\/yoast.com\/product\/yoast-seo-wordpress\/ -->\n<title>Aviso legal - Noveluz Iluminaci\u00f3n<\/title>\n<meta name=\"robots\" content=\"noindex, nofollow\" \/>\n<meta property=\"og:locale\" content=\"es_ES\" \/>\n<meta property=\"og:type\" content=\"article\" \/>\n<meta property=\"og:title\" content=\"Aviso legal - Noveluz Iluminaci\u00f3n\" \/>\n<meta property=\"og:url\" content=\"https:\/\/noveluziluminacion.com\/es\/aviso-legal\/\" \/>\n<meta property=\"og:site_name\" content=\"Noveluz Iluminaci\u00f3n\" \/>\n<meta property=\"article:modified_time\" content=\"2025-11-15T16:18:51+00:00\" \/>\n<meta name=\"twitter:card\" content=\"summary_large_image\" \/>\n<meta name=\"twitter:label1\" content=\"Tiempo de lectura\" \/>\n\t<meta name=\"twitter:data1\" content=\"5 minutos\" \/>\n<script type=\"application\/ld+json\" class=\"yoast-schema-graph\">{\"@context\":\"https:\\\/\\\/schema.org\",\"@graph\":[{\"@type\":\"WebPage\",\"@id\":\"https:\\\/\\\/noveluziluminacion.com\\\/es\\\/aviso-legal\\\/\",\"url\":\"https:\\\/\\\/noveluziluminacion.com\\\/es\\\/aviso-legal\\\/\",\"name\":\"Aviso legal - Noveluz Iluminaci\u00f3n\",\"isPartOf\":{\"@id\":\"https:\\\/\\\/noveluziluminacion.com\\\/es\\\/#website\"},\"datePublished\":\"2025-11-12T14:56:47+00:00\",\"dateModified\":\"2025-11-15T16:18:51+00:00\",\"breadcrumb\":{\"@id\":\"https:\\\/\\\/noveluziluminacion.com\\\/es\\\/aviso-legal\\\/#breadcrumb\"},\"inLanguage\":\"es\",\"potentialAction\":[{\"@type\":\"ReadAction\",\"target\":[\"https:\\\/\\\/noveluziluminacion.com\\\/es\\\/aviso-legal\\\/\"]}]},{\"@type\":\"BreadcrumbList\",\"@id\":\"https:\\\/\\\/noveluziluminacion.com\\\/es\\\/aviso-legal\\\/#breadcrumb\",\"itemListElement\":[{\"@type\":\"ListItem\",\"position\":1,\"name\":\"Portada\",\"item\":\"https:\\\/\\\/noveluziluminacion.com\\\/es\\\/\"},{\"@type\":\"ListItem\",\"position\":2,\"name\":\"Aviso legal\"}]},{\"@type\":\"WebSite\",\"@id\":\"https:\\\/\\\/noveluziluminacion.com\\\/es\\\/#website\",\"url\":\"https:\\\/\\\/noveluziluminacion.com\\\/es\\\/\",\"name\":\"Noveluz Iluminaci\u00f3n\",\"description\":\"L\u00e1mparas, asesoramiento y proyectos de luz a medida.\",\"potentialAction\":[{\"@type\":\"SearchAction\",\"target\":{\"@type\":\"EntryPoint\",\"urlTemplate\":\"https:\\\/\\\/noveluziluminacion.com\\\/es\\\/?s={search_term_string}\"},\"query-input\":{\"@type\":\"PropertyValueSpecification\",\"valueRequired\":true,\"valueName\":\"search_term_string\"}}],\"inLanguage\":\"es\"}]}<\/script>\n<!-- \/ Yoast SEO plugin. -->","yoast_head_json":{"title":"Aviso legal - Noveluz Iluminaci\u00f3n","robots":{"index":"noindex","follow":"nofollow"},"og_locale":"es_ES","og_type":"article","og_title":"Aviso legal - Noveluz Iluminaci\u00f3n","og_url":"https:\/\/noveluziluminacion.com\/es\/aviso-legal\/","og_site_name":"Noveluz Iluminaci\u00f3n","article_modified_time":"2025-11-15T16:18:51+00:00","twitter_card":"summary_large_image","twitter_misc":{"Tiempo de lectura":"5 minutos"},"schema":{"@context":"https:\/\/schema.org","@graph":[{"@type":"WebPage","@id":"https:\/\/noveluziluminacion.com\/es\/aviso-legal\/","url":"https:\/\/noveluziluminacion.com\/es\/aviso-legal\/","name":"Aviso legal - Noveluz Iluminaci\u00f3n","isPartOf":{"@id":"https:\/\/noveluziluminacion.com\/es\/#website"},"datePublished":"2025-11-12T14:56:47+00:00","dateModified":"2025-11-15T16:18:51+00:00","breadcrumb":{"@id":"https:\/\/noveluziluminacion.com\/es\/aviso-legal\/#breadcrumb"},"inLanguage":"es","potentialAction":[{"@type":"ReadAction","target":["https:\/\/noveluziluminacion.com\/es\/aviso-legal\/"]}]},{"@type":"BreadcrumbList","@id":"https:\/\/noveluziluminacion.com\/es\/aviso-legal\/#breadcrumb","itemListElement":[{"@type":"ListItem","position":1,"name":"Portada","item":"https:\/\/noveluziluminacion.com\/es\/"},{"@type":"ListItem","position":2,"name":"Aviso legal"}]},{"@type":"WebSite","@id":"https:\/\/noveluziluminacion.com\/es\/#website","url":"https:\/\/noveluziluminacion.com\/es\/","name":"Noveluz Iluminaci\u00f3n","description":"L\u00e1mparas, asesoramiento y proyectos de luz a medida.","potentialAction":[{"@type":"SearchAction","target":{"@type":"EntryPoint","urlTemplate":"https:\/\/noveluziluminacion.com\/es\/?s={search_term_string}"},"query-input":{"@type":"PropertyValueSpecification","valueRequired":true,"valueName":"search_term_string"}}],"inLanguage":"es"}]}},"_links":{"self":[{"href":"https:\/\/noveluziluminacion.com\/es\/wp-json\/wp\/v2\/pages\/152","targetHints":{"allow":["GET"]}}],"collection":[{"href":"https:\/\/noveluziluminacion.com\/es\/wp-json\/wp\/v2\/pages"}],"about":[{"href":"https:\/\/noveluziluminacion.com\/es\/wp-json\/wp\/v2\/types\/page"}],"author":[{"embeddable":true,"href":"https:\/\/noveluziluminacion.com\/es\/wp-json\/wp\/v2\/users\/1"}],"replies":[{"embeddable":true,"href":"https:\/\/noveluziluminacion.com\/es\/wp-json\/wp\/v2\/comments?post=152"}],"version-history":[{"count":2,"href":"https:\/\/noveluziluminacion.com\/es\/wp-json\/wp\/v2\/pages\/152\/revisions"}],"predecessor-version":[{"id":278,"href":"https:\/\/noveluziluminacion.com\/es\/wp-json\/wp\/v2\/pages\/152\/revisions\/278"}],"wp:attachment":[{"href":"https:\/\/noveluziluminacion.com\/es\/wp-json\/wp\/v2\/media?parent=152"}],"curies":[{"name":"wp","href":"https:\/\/api.w.org\/{rel}","templated":true}]}}