{"id":37,"date":"2025-11-12T10:08:44","date_gmt":"2025-11-12T10:08:44","guid":{"rendered":"https:\/\/noveluznew.webvolution.es\/?page_id=37"},"modified":"2025-11-15T09:34:05","modified_gmt":"2025-11-15T09:34:05","slug":"contacto","status":"publish","type":"page","link":"https:\/\/noveluziluminacion.com\/es\/contacto\/","title":{"rendered":"Contacto"},"content":{"rendered":"<p><div class=\"fusion-fullwidth fullwidth-box fusion-builder-row-1 fusion-flex-container has-pattern-background has-mask-background nonhundred-percent-fullwidth non-hundred-percent-height-scrolling\" style=\"--awb-border-radius-top-left:0px;--awb-border-radius-top-right:0px;--awb-border-radius-bottom-right:0px;--awb-border-radius-bottom-left:0px;--awb-flex-wrap:wrap;\" ><div class=\"fusion-builder-row fusion-row fusion-flex-align-items-flex-start fusion-flex-content-wrap\" style=\"max-width:1456px;margin-left: calc(-4% \/ 2 );margin-right: calc(-4% \/ 2 );\"><div class=\"fusion-layout-column fusion_builder_column fusion-builder-column-0 fusion_builder_column_1_1 1_1 fusion-flex-column\" style=\"--awb-bg-size:cover;--awb-width-large:100%;--awb-margin-top-large:0px;--awb-spacing-right-large:1.92%;--awb-margin-bottom-large:20px;--awb-spacing-left-large:1.92%;--awb-width-medium:100%;--awb-order-medium:0;--awb-spacing-right-medium:1.92%;--awb-spacing-left-medium:1.92%;--awb-width-small:100%;--awb-order-small:0;--awb-spacing-right-small:1.92%;--awb-spacing-left-small:1.92%;\"><div class=\"fusion-column-wrapper fusion-column-has-shadow fusion-flex-justify-content-flex-start fusion-content-layout-column\"><div class=\"fusion-title title fusion-title-1 fusion-sep-none fusion-title-center fusion-title-text fusion-title-size-one\" style=\"--awb-margin-top-small:10px;--awb-margin-right-small:0px;--awb-margin-bottom-small:10px;--awb-margin-left-small:0px;--awb-font-size:40px;\"><h1 class=\"fusion-title-heading title-heading-center\" style=\"margin:0;font-size:1em;\">Contacta con nosotros<\/h1><\/div><\/div><\/div><\/div><\/div><div id=\"newyork\" class=\"fusion-container-anchor\"><div class=\"fusion-fullwidth fullwidth-box fusion-builder-row-2 fusion-flex-container has-pattern-background has-mask-background nonhundred-percent-fullwidth non-hundred-percent-height-scrolling\" style=\"--awb-border-radius-top-left:0px;--awb-border-radius-top-right:0px;--awb-border-radius-bottom-right:0px;--awb-border-radius-bottom-left:0px;--awb-padding-bottom:5%;--awb-background-image:linear-gradient(180deg, rgba(255,255,255,0) 50%,#fafafa 50%);--awb-flex-wrap:wrap;\" ><div class=\"fusion-builder-row fusion-row fusion-flex-align-items-flex-start fusion-flex-content-wrap\" style=\"max-width:1456px;margin-left: calc(-4% \/ 2 );margin-right: calc(-4% \/ 2 );\"><div class=\"fusion-layout-column fusion_builder_column fusion-builder-column-1 fusion_builder_column_1_1 1_1 fusion-flex-column\" style=\"--awb-padding-bottom:100px;--awb-bg-image:url(&#039;https:\/\/noveluziluminacion.com\/wp-content\/uploads\/2025\/11\/CONTACTO.jpg&#039;);--awb-bg-position:center center;--awb-bg-size:cover;--awb-width-large:100%;--awb-margin-top-large:0px;--awb-spacing-right-large:1.92%;--awb-margin-bottom-large:20px;--awb-spacing-left-large:1.92%;--awb-width-medium:100%;--awb-order-medium:0;--awb-spacing-right-medium:1.92%;--awb-spacing-left-medium:1.92%;--awb-width-small:100%;--awb-order-small:0;--awb-spacing-right-small:1.92%;--awb-spacing-left-small:1.92%;\" data-scroll-devices=\"small-visibility,medium-visibility,large-visibility\"><div class=\"fusion-column-wrapper fusion-column-has-shadow fusion-flex-justify-content-flex-start fusion-content-layout-column fusion-column-has-bg-image\" data-bg-url=\"https:\/\/noveluziluminacion.com\/wp-content\/uploads\/2025\/11\/CONTACTO.jpg\"><div class=\"fusion-builder-row fusion-builder-row-inner fusion-row fusion-flex-align-items-flex-start fusion-flex-content-wrap\" style=\"--awb-flex-grow:0;--awb-flex-grow-medium:0;--awb-flex-grow-small:0;--awb-flex-shrink:0;--awb-flex-shrink-medium:0;--awb-flex-shrink-small:0;width:104% !important;max-width:104% !important;margin-left: calc(-4% \/ 2 );margin-right: calc(-4% \/ 2 );\"><div class=\"fusion-layout-column fusion_builder_column_inner fusion-builder-nested-column-0 fusion_builder_column_inner_3_5 3_5 fusion-flex-column fusion-no-small-visibility\" style=\"--awb-bg-size:cover;--awb-width-large:60%;--awb-margin-top-large:0px;--awb-spacing-right-large:3.2%;--awb-margin-bottom-large:5px;--awb-spacing-left-large:3.2%;--awb-width-medium:60%;--awb-spacing-right-medium:3.2%;--awb-spacing-left-medium:3.2%;--awb-width-small:100%;--awb-spacing-right-small:1.92%;--awb-spacing-left-small:1.92%;\"><div class=\"fusion-column-wrapper fusion-column-has-shadow fusion-flex-justify-content-flex-start fusion-content-layout-column\"><\/div><\/div><div class=\"fusion-layout-column fusion_builder_column_inner fusion-builder-nested-column-1 fusion_builder_column_inner_2_5 2_5 fusion-flex-column\" style=\"--awb-padding-top:8%;--awb-padding-right:12%;--awb-padding-bottom:6%;--awb-padding-left:12%;--awb-bg-color:#ffffff;--awb-bg-color-hover:#ffffff;--awb-bg-size:cover;--awb-width-large:40%;--awb-margin-top-large:0px;--awb-spacing-right-large:4.8%;--awb-margin-bottom-large:0px;--awb-spacing-left-large:4.8%;--awb-width-medium:40%;--awb-spacing-right-medium:4.8%;--awb-spacing-left-medium:4.8%;--awb-width-small:100%;--awb-spacing-right-small:1.92%;--awb-spacing-left-small:1.92%;\"><div class=\"fusion-column-wrapper fusion-column-has-shadow fusion-flex-justify-content-flex-start fusion-content-layout-column\"><div class=\"fusion-title title fusion-title-2 fusion-sep-none fusion-title-text fusion-title-size-three\" style=\"--awb-text-color:#181b20;--awb-margin-top-small:10px;--awb-margin-right-small:0px;--awb-margin-bottom-small:10px;--awb-margin-left-small:0px;\"><h3 class=\"fusion-title-heading title-heading-left\" style=\"margin:0;\"><b><\/b><\/p>\n<p>NOVELUZ ILUMINACI\u00d3N<\/p><\/h3><\/div><div class=\"fusion-separator\" style=\"align-self: flex-start;margin-right:auto;margin-top:12px;margin-bottom:12px;width:100%;max-width:16px;\"><div class=\"fusion-separator-border sep-single sep-solid\" style=\"--awb-height:20px;--awb-amount:20px;--awb-sep-color:rgba(40,45,51,0.2);border-color:rgba(40,45,51,0.2);border-top-width:3px;\"><\/div><\/div><div class=\"fusion-title title fusion-title-3 fusion-sep-none fusion-title-text fusion-title-size-six\" style=\"--awb-text-color:rgba(24,27,32,0.4);--awb-margin-top:12px;--awb-margin-bottom:6px;--awb-margin-top-small:10px;--awb-margin-right-small:0px;--awb-margin-bottom-small:6px;--awb-margin-left-small:0px;\"><h6 class=\"fusion-title-heading title-heading-left\" style=\"margin:0;\"><b>DIRECCI\u00d3N<\/b><\/h6><\/div><div class=\"fusion-text fusion-text-1 paragraph-small\"><p><a href=\"https:\/\/maps.app.goo.gl\/q4HCUpw4YEwDtWQQ7\" target=\"_blank\" rel=\"noopener\">Avinguda Lloren\u00e7 Puig, 12, Local B<\/a><\/p>\n<p>Viladecans<\/p>\n<\/div><div class=\"fusion-title title fusion-title-4 fusion-sep-none fusion-title-text fusion-title-size-six\" style=\"--awb-text-color:rgba(24,27,32,0.4);--awb-margin-top:12px;--awb-margin-bottom:6px;--awb-margin-top-small:10px;--awb-margin-right-small:0px;--awb-margin-bottom-small:6px;--awb-margin-left-small:0px;\"><h6 class=\"fusion-title-heading title-heading-left\" style=\"margin:0;\"><b>HORARIO TIENDA<\/b><\/h6><\/div><div class=\"fusion-text fusion-text-2 paragraph-small\"><p>Lunes a Viernes: <span style=\"font-family: var(--awb-text-font-family); font-size: var(--awb-font-size); font-style: var(--awb-text-font-style); letter-spacing: var(--awb-letter-spacing); text-align: var(--awb-content-alignment); text-transform: var(--awb-text-transform);\">10:00 &#8211; 13:30 17:00-20h<\/span><\/p>\n<p>S\u00e1bados: 10:00 &#8211; 13:30<\/p>\n<\/div><div class=\"fusion-title title fusion-title-5 fusion-sep-none fusion-title-text fusion-title-size-six\" style=\"--awb-text-color:rgba(24,27,32,0.4);--awb-margin-top:12px;--awb-margin-bottom:6px;--awb-margin-top-small:10px;--awb-margin-right-small:0px;--awb-margin-bottom-small:6px;--awb-margin-left-small:0px;\"><h6 class=\"fusion-title-heading title-heading-left\" style=\"margin:0;\"><b><\/b><\/p>\n<p>TEL\u00c9FONO<\/h6><\/div><div class=\"fusion-text fusion-text-3 paragraph-small\"><p><a href=\"tel:+34936589350\" target=\"_blank\" rel=\"noopener\">93 658 93 50<\/a><br \/>\n<a href=\"tel:+34644276034\" target=\"_blank\" rel=\"noopener\">644 27 60 34<\/a><\/p>\n<\/div><\/div><\/div><\/div><div class=\"fusion-separator fusion-no-small-visibility fusion-full-width-sep\" style=\"align-self: center;margin-left: auto;margin-right: auto;margin-top:12%;margin-bottom:100px;width:100%;\"><div class=\"fusion-separator-border sep-double\" style=\"--awb-height:20px;--awb-amount:20px;border-color:var(--awb-color3);border-top-width:1px;border-bottom-width:1px;\"><\/div><\/div><\/div><\/div><\/div><\/div><\/div><div class=\"fusion-fullwidth fullwidth-box fusion-builder-row-3 fusion-flex-container has-pattern-background has-mask-background nonhundred-percent-fullwidth non-hundred-percent-height-scrolling\" style=\"--awb-border-radius-top-left:0px;--awb-border-radius-top-right:0px;--awb-border-radius-bottom-right:0px;--awb-border-radius-bottom-left:0px;--awb-padding-top:20px;--awb-flex-wrap:wrap;\" ><div class=\"fusion-builder-row fusion-row fusion-flex-align-items-flex-start fusion-flex-content-wrap\" style=\"max-width:1456px;margin-left: calc(-4% \/ 2 );margin-right: calc(-4% \/ 2 );\"><div class=\"fusion-layout-column fusion_builder_column fusion-builder-column-2 fusion_builder_column_1_1 1_1 fusion-flex-column\" style=\"--awb-bg-size:cover;--awb-width-large:100%;--awb-margin-top-large:0px;--awb-spacing-right-large:1.92%;--awb-margin-bottom-large:20px;--awb-spacing-left-large:1.92%;--awb-width-medium:100%;--awb-order-medium:0;--awb-spacing-right-medium:1.92%;--awb-spacing-left-medium:1.92%;--awb-width-small:100%;--awb-order-small:0;--awb-spacing-right-small:1.92%;--awb-spacing-left-small:1.92%;\"><div class=\"fusion-column-wrapper fusion-column-has-shadow fusion-flex-justify-content-flex-start fusion-content-layout-column\"><iframe src=\"https:\/\/www.google.com\/maps\/embed?pb=!1m18!1m12!1m3!1d2996.4512995753685!2d2.0164080771727435!3d41.32079887130851!2m3!1f0!2f0!3f0!3m2!1i1024!2i768!4f13.1!3m3!1m2!1s0x12a49cf6a19881ff%3A0x7e08020b7e58f0e!2sNoveluz%20Iluminaci%C3%B3n!5e0!3m2!1ses!2ses!4v1763138159216!5m2!1ses!2ses\" width=\"100%\" height=\"550\" style=\"border:0;\" allowfullscreen=\"\" loading=\"lazy\" referrerpolicy=\"no-referrer-when-downgrade\"><\/iframe><\/div><\/div><\/div><\/div><\/p>\n","protected":false},"excerpt":{"rendered":"","protected":false},"author":1,"featured_media":0,"parent":0,"menu_order":40,"comment_status":"closed","ping_status":"closed","template":"100-width.php","meta":{"footnotes":""},"class_list":["post-37","page","type-page","status-publish","hentry"],"yoast_head":"<!-- This site is optimized with the Yoast SEO plugin v27.4 - https:\/\/yoast.com\/product\/yoast-seo-wordpress\/ -->\n<title>Asesoramiento y Tienda de L\u00e1mparas - Noveluz Iluminaci\u00f3n<\/title>\n<meta name=\"description\" content=\"Contacta con Noveluz Iluminaci\u00f3n en Viladecans. Te asesoramos en proyectos y soluciones de luz para tu hogar o negocio. \u00a1Ll\u00e1manos o vis\u00edtanos en tienda!\" \/>\n<meta name=\"robots\" content=\"index, follow, max-snippet:-1, max-image-preview:large, max-video-preview:-1\" \/>\n<link rel=\"canonical\" href=\"https:\/\/noveluziluminacion.com\/es\/contacto\/\" \/>\n<meta property=\"og:locale\" content=\"es_ES\" \/>\n<meta property=\"og:type\" content=\"article\" \/>\n<meta property=\"og:title\" content=\"Asesoramiento y Tienda de L\u00e1mparas - Noveluz Iluminaci\u00f3n\" \/>\n<meta property=\"og:description\" content=\"Contacta con Noveluz Iluminaci\u00f3n en Viladecans. Te asesoramos en proyectos y soluciones de luz para tu hogar o negocio. \u00a1Ll\u00e1manos o vis\u00edtanos en tienda!\" \/>\n<meta property=\"og:url\" content=\"https:\/\/noveluziluminacion.com\/es\/contacto\/\" \/>\n<meta property=\"og:site_name\" content=\"Noveluz Iluminaci\u00f3n\" \/>\n<meta property=\"article:modified_time\" content=\"2025-11-15T09:34:05+00:00\" \/>\n<meta name=\"twitter:card\" content=\"summary_large_image\" \/>\n<meta name=\"twitter:label1\" content=\"Tiempo de lectura\" \/>\n\t<meta name=\"twitter:data1\" content=\"1 minuto\" \/>\n<script type=\"application\/ld+json\" class=\"yoast-schema-graph\">{\"@context\":\"https:\\\/\\\/schema.org\",\"@graph\":[{\"@type\":\"WebPage\",\"@id\":\"https:\\\/\\\/noveluziluminacion.com\\\/es\\\/contacto\\\/\",\"url\":\"https:\\\/\\\/noveluziluminacion.com\\\/es\\\/contacto\\\/\",\"name\":\"Asesoramiento y Tienda de L\u00e1mparas - Noveluz Iluminaci\u00f3n\",\"isPartOf\":{\"@id\":\"https:\\\/\\\/noveluziluminacion.com\\\/es\\\/#website\"},\"datePublished\":\"2025-11-12T10:08:44+00:00\",\"dateModified\":\"2025-11-15T09:34:05+00:00\",\"description\":\"Contacta con Noveluz Iluminaci\u00f3n en Viladecans. Te asesoramos en proyectos y soluciones de luz para tu hogar o negocio. \u00a1Ll\u00e1manos o vis\u00edtanos en tienda!\",\"breadcrumb\":{\"@id\":\"https:\\\/\\\/noveluziluminacion.com\\\/es\\\/contacto\\\/#breadcrumb\"},\"inLanguage\":\"es\",\"potentialAction\":[{\"@type\":\"ReadAction\",\"target\":[\"https:\\\/\\\/noveluziluminacion.com\\\/es\\\/contacto\\\/\"]}]},{\"@type\":\"BreadcrumbList\",\"@id\":\"https:\\\/\\\/noveluziluminacion.com\\\/es\\\/contacto\\\/#breadcrumb\",\"itemListElement\":[{\"@type\":\"ListItem\",\"position\":1,\"name\":\"Portada\",\"item\":\"https:\\\/\\\/noveluziluminacion.com\\\/es\\\/\"},{\"@type\":\"ListItem\",\"position\":2,\"name\":\"Contacto\"}]},{\"@type\":\"WebSite\",\"@id\":\"https:\\\/\\\/noveluziluminacion.com\\\/es\\\/#website\",\"url\":\"https:\\\/\\\/noveluziluminacion.com\\\/es\\\/\",\"name\":\"Noveluz Iluminaci\u00f3n\",\"description\":\"L\u00e1mparas, asesoramiento y proyectos de luz a medida.\",\"potentialAction\":[{\"@type\":\"SearchAction\",\"target\":{\"@type\":\"EntryPoint\",\"urlTemplate\":\"https:\\\/\\\/noveluziluminacion.com\\\/es\\\/?s={search_term_string}\"},\"query-input\":{\"@type\":\"PropertyValueSpecification\",\"valueRequired\":true,\"valueName\":\"search_term_string\"}}],\"inLanguage\":\"es\"}]}<\/script>\n<!-- \/ Yoast SEO plugin. -->","yoast_head_json":{"title":"Asesoramiento y Tienda de L\u00e1mparas - Noveluz Iluminaci\u00f3n","description":"Contacta con Noveluz Iluminaci\u00f3n en Viladecans. Te asesoramos en proyectos y soluciones de luz para tu hogar o negocio. \u00a1Ll\u00e1manos o vis\u00edtanos en tienda!","robots":{"index":"index","follow":"follow","max-snippet":"max-snippet:-1","max-image-preview":"max-image-preview:large","max-video-preview":"max-video-preview:-1"},"canonical":"https:\/\/noveluziluminacion.com\/es\/contacto\/","og_locale":"es_ES","og_type":"article","og_title":"Asesoramiento y Tienda de L\u00e1mparas - Noveluz Iluminaci\u00f3n","og_description":"Contacta con Noveluz Iluminaci\u00f3n en Viladecans. Te asesoramos en proyectos y soluciones de luz para tu hogar o negocio. \u00a1Ll\u00e1manos o vis\u00edtanos en tienda!","og_url":"https:\/\/noveluziluminacion.com\/es\/contacto\/","og_site_name":"Noveluz Iluminaci\u00f3n","article_modified_time":"2025-11-15T09:34:05+00:00","twitter_card":"summary_large_image","twitter_misc":{"Tiempo de lectura":"1 minuto"},"schema":{"@context":"https:\/\/schema.org","@graph":[{"@type":"WebPage","@id":"https:\/\/noveluziluminacion.com\/es\/contacto\/","url":"https:\/\/noveluziluminacion.com\/es\/contacto\/","name":"Asesoramiento y Tienda de L\u00e1mparas - Noveluz Iluminaci\u00f3n","isPartOf":{"@id":"https:\/\/noveluziluminacion.com\/es\/#website"},"datePublished":"2025-11-12T10:08:44+00:00","dateModified":"2025-11-15T09:34:05+00:00","description":"Contacta con Noveluz Iluminaci\u00f3n en Viladecans. Te asesoramos en proyectos y soluciones de luz para tu hogar o negocio. \u00a1Ll\u00e1manos o vis\u00edtanos en tienda!","breadcrumb":{"@id":"https:\/\/noveluziluminacion.com\/es\/contacto\/#breadcrumb"},"inLanguage":"es","potentialAction":[{"@type":"ReadAction","target":["https:\/\/noveluziluminacion.com\/es\/contacto\/"]}]},{"@type":"BreadcrumbList","@id":"https:\/\/noveluziluminacion.com\/es\/contacto\/#breadcrumb","itemListElement":[{"@type":"ListItem","position":1,"name":"Portada","item":"https:\/\/noveluziluminacion.com\/es\/"},{"@type":"ListItem","position":2,"name":"Contacto"}]},{"@type":"WebSite","@id":"https:\/\/noveluziluminacion.com\/es\/#website","url":"https:\/\/noveluziluminacion.com\/es\/","name":"Noveluz Iluminaci\u00f3n","description":"L\u00e1mparas, asesoramiento y proyectos de luz a medida.","potentialAction":[{"@type":"SearchAction","target":{"@type":"EntryPoint","urlTemplate":"https:\/\/noveluziluminacion.com\/es\/?s={search_term_string}"},"query-input":{"@type":"PropertyValueSpecification","valueRequired":true,"valueName":"search_term_string"}}],"inLanguage":"es"}]}},"_links":{"self":[{"href":"https:\/\/noveluziluminacion.com\/es\/wp-json\/wp\/v2\/pages\/37","targetHints":{"allow":["GET"]}}],"collection":[{"href":"https:\/\/noveluziluminacion.com\/es\/wp-json\/wp\/v2\/pages"}],"about":[{"href":"https:\/\/noveluziluminacion.com\/es\/wp-json\/wp\/v2\/types\/page"}],"author":[{"embeddable":true,"href":"https:\/\/noveluziluminacion.com\/es\/wp-json\/wp\/v2\/users\/1"}],"replies":[{"embeddable":true,"href":"https:\/\/noveluziluminacion.com\/es\/wp-json\/wp\/v2\/comments?post=37"}],"version-history":[{"count":5,"href":"https:\/\/noveluziluminacion.com\/es\/wp-json\/wp\/v2\/pages\/37\/revisions"}],"predecessor-version":[{"id":277,"href":"https:\/\/noveluziluminacion.com\/es\/wp-json\/wp\/v2\/pages\/37\/revisions\/277"}],"wp:attachment":[{"href":"https:\/\/noveluziluminacion.com\/es\/wp-json\/wp\/v2\/media?parent=37"}],"curies":[{"name":"wp","href":"https:\/\/api.w.org\/{rel}","templated":true}]}}